                                                                                                                                                                                                                                                                                                                                                                                                                                                                                                                                                                                                                                                                                                                                                                                                                                                        
{"id":37,"date":"2024-06-14T17:11:09","date_gmt":"2024-06-14T15:11:09","guid":{"rendered":"http:\/\/gang-bang-budapest.hu\/blog\/?page_id=37"},"modified":"2024-06-14T17:11:09","modified_gmt":"2024-06-14T15:11:09","slug":"orommel-koszontjuk-latogatoinkat-weboldalunkon","status":"publish","type":"page","link":"http:\/\/gang-bang-budapest.hu\/blog\/orommel-koszontjuk-latogatoinkat-weboldalunkon\/","title":{"rendered":"\u00d6r\u00f6mmel k\u00f6sz\u00f6ntj\u00fck l\u00e1togat\u00f3inkat weboldalunkon!"},"content":{"rendered":"\n<p>Jelenleg sajnos m\u00e9g nincs tartalom az oldalon, de hamarosan friss \u00e9s \u00e9rdekes cikkekkel, tippekkel \u00e9s inform\u00e1ci\u00f3kkal fogjuk megt\u00f6lteni.<\/p>\n\n\n\n<p>Az oldal egy mag\u00e1n kezdem\u00e9nyez\u00e9s\u0171, priv\u00e1t projektk\u00e9nt indult, melynek c\u00e9lja, hogy hasznos \u00e9s \u00e9rdekes tartalmakkal szolg\u00e1ljon minden l\u00e1togat\u00f3nak.<\/p>\n\n\n\n<p>Ha szeretn\u00e9l k\u00f6vetni minket, keress minket a&nbsp;<a href=\"https:\/\/www.facebook.com\/gang.b.budapest\">www.facebook.com\/gang.b.budapest<\/a>-en is, ahol friss h\u00edreket \u00e9s bejegyz\u00e9seket is tal\u00e1lhatsz.<\/p>\n\n\n\n<p>K\u00f6sz\u00f6nj\u00fck, hogy ell\u00e1togatt\u00e1l hozz\u00e1nk, v\u00e1runk vissza sok-sok \u00e9rdekes tartalommal!<\/p>\n\n\n\n<p><a href=\"mailto:info@gang-bang-budapest.hu\">info@gang-bang-budapest.hu<\/a><\/p>\n","protected":false},"excerpt":{"rendered":"<p>Jelenleg sajnos m\u00e9g nincs tartalom az oldalon, de hamarosan friss \u00e9s \u00e9rdekes cikkekkel, tippekkel \u00e9s inform\u00e1ci\u00f3kkal fogjuk megt\u00f6lteni. Az oldal egy mag\u00e1n kezdem\u00e9nyez\u00e9s\u0171, priv\u00e1t projektk\u00e9nt indult, melynek c\u00e9lja, hogy hasznos \u00e9s \u00e9rdekes tartalmakkal szolg\u00e1ljon minden l\u00e1togat\u00f3nak. Ha szeretn\u00e9l k\u00f6vetni minket, keress minket a&nbsp;www.facebook.com\/gang.b.budapest-en is, ahol friss h\u00edreket \u00e9s bejegyz\u00e9seket is [&hellip;]<\/p>\n","protected":false},"author":1,"featured_media":0,"parent":0,"menu_order":0,"comment_status":"closed","ping_status":"open","template":"","meta":{"_bbp_topic_count":0,"_bbp_reply_count":0,"_bbp_total_topic_count":0,"_bbp_total_reply_count":0,"_bbp_voice_count":0,"_bbp_anonymous_reply_count":0,"_bbp_topic_count_hidden":0,"_bbp_reply_count_hidden":0,"_bbp_forum_subforum_count":0,"_ti_tpc_template_sync":false,"_ti_tpc_template_id":"","footnotes":""},"class_list":["post-37","page","type-page","status-publish","hentry"],"_links":{"self":[{"href":"http:\/\/gang-bang-budapest.hu\/blog\/wp-json\/wp\/v2\/pages\/37","targetHints":{"allow":["GET"]}}],"collection":[{"href":"http:\/\/gang-bang-budapest.hu\/blog\/wp-json\/wp\/v2\/pages"}],"about":[{"href":"http:\/\/gang-bang-budapest.hu\/blog\/wp-json\/wp\/v2\/types\/page"}],"author":[{"embeddable":true,"href":"http:\/\/gang-bang-budapest.hu\/blog\/wp-json\/wp\/v2\/users\/1"}],"replies":[{"embeddable":true,"href":"http:\/\/gang-bang-budapest.hu\/blog\/wp-json\/wp\/v2\/comments?post=37"}],"version-history":[{"count":2,"href":"http:\/\/gang-bang-budapest.hu\/blog\/wp-json\/wp\/v2\/pages\/37\/revisions"}],"predecessor-version":[{"id":101,"href":"http:\/\/gang-bang-budapest.hu\/blog\/wp-json\/wp\/v2\/pages\/37\/revisions\/101"}],"wp:attachment":[{"href":"http:\/\/gang-bang-budapest.hu\/blog\/wp-json\/wp\/v2\/media?parent=37"}],"curies":[{"name":"wp","href":"https:\/\/api.w.org\/{rel}","templated":true}]}}